{"id":1273,"date":"2021-09-30T12:38:52","date_gmt":"2021-09-30T12:38:52","guid":{"rendered":"https:\/\/salvacot.cat\/productos\/surtidos-y-salados\/"},"modified":"2023-03-07T08:32:13","modified_gmt":"2023-03-07T08:32:13","slug":"surtidos-y-salados","status":"publish","type":"page","link":"https:\/\/salvacot.cat\/es\/productos\/surtidos-y-salados\/","title":{"rendered":"Surtidos y salados"},"content":{"rendered":"\t\t<div data-elementor-type=\"wp-page\" data-elementor-id=\"1273\" class=\"elementor elementor-1273 elementor-398\">\n\t\t\t\t\t\t\t\t\t<section class=\"elementor-section elementor-top-section elementor-element elementor-element-9d01360 elementor-hidden-desktop elementor-hidden-tablet elementor-hidden-mobile elementor-section-boxed elementor-section-height-default elementor-section-height-default parallax_section_no qode_elementor_container_no\" data-id=\"9d01360\" data-element_type=\"section\">\n\t\t\t\t\t\t<div class=\"elementor-container elementor-column-gap-default\">\n\t\t\t\t\t<div class=\"elementor-column elementor-col-100 elementor-top-column elementor-element elementor-element-e2d872a\" data-id=\"e2d872a\" data-element_type=\"column\">\n\t\t\t<div class=\"elementor-widget-wrap elementor-element-populated\">\n\t\t\t\t\t\t\t\t<div class=\"elementor-element elementor-element-9c2ddf7 elementor-widget elementor-widget-text-editor\" data-id=\"9c2ddf7\" data-element_type=\"widget\" data-widget_type=\"text-editor.default\">\n\t\t\t\t<div class=\"elementor-widget-container\">\n\t\t\t\t\t\t\t<h3>Surtidos y salados<\/h3>\n<p><a href=\"https:\/\/www.sauleda.cat\/\" target=\"_blank\" rel=\"noopener\">sauleda<\/a><\/p>\n<p><a href=\"https:\/\/salvacot.cat\/es\/productos\/\">productos<\/a><\/p>\n\t\t\t\t\t\t<\/div>\n\t\t\t\t<\/div>\n\t\t\t\t\t<\/div>\n\t\t<\/div>\n\t\t\t\t\t\t\t<\/div>\n\t\t<\/section>\n\t\t\t\t<section class=\"elementor-section elementor-top-section elementor-element elementor-element-aa20e5e elementor-section-full_width elementor-section-height-default elementor-section-height-default parallax_section_no qode_elementor_container_no\" data-id=\"aa20e5e\" data-element_type=\"section\">\n\t\t\t\t\t\t<div class=\"elementor-container elementor-column-gap-default\">\n\t\t\t\t\t<div class=\"elementor-column elementor-col-100 elementor-top-column elementor-element elementor-element-00d02d7\" data-id=\"00d02d7\" data-element_type=\"column\">\n\t\t\t<div class=\"elementor-widget-wrap elementor-element-populated\">\n\t\t\t\t\t\t\t\t<div class=\"elementor-element elementor-element-e47c429 elementor-widget elementor-widget-image\" data-id=\"e47c429\" data-element_type=\"widget\" data-widget_type=\"image.default\">\n\t\t\t\t<div class=\"elementor-widget-container\">\n\t\t\t\t\t\t\t\t\t\t\t\t\t\t\t<img decoding=\"async\" width=\"1900\" height=\"300\" src=\"https:\/\/salvacot.cat\/wp-content\/uploads\/2021\/09\/slide_assortiments.jpg\" class=\"attachment-full size-full wp-image-412\" alt=\"\" loading=\"lazy\" srcset=\"https:\/\/salvacot.cat\/wp-content\/uploads\/2021\/09\/slide_assortiments.jpg 1900w, https:\/\/salvacot.cat\/wp-content\/uploads\/2021\/09\/slide_assortiments-300x47.jpg 300w, https:\/\/salvacot.cat\/wp-content\/uploads\/2021\/09\/slide_assortiments-1024x162.jpg 1024w, https:\/\/salvacot.cat\/wp-content\/uploads\/2021\/09\/slide_assortiments-768x121.jpg 768w, https:\/\/salvacot.cat\/wp-content\/uploads\/2021\/09\/slide_assortiments-1536x243.jpg 1536w, https:\/\/salvacot.cat\/wp-content\/uploads\/2021\/09\/slide_assortiments-700x111.jpg 700w\" sizes=\"(max-width: 1900px) 100vw, 1900px\" \/>\t\t\t\t\t\t\t\t\t\t\t\t\t\t\t<\/div>\n\t\t\t\t<\/div>\n\t\t\t\t\t<\/div>\n\t\t<\/div>\n\t\t\t\t\t\t\t<\/div>\n\t\t<\/section>\n\t\t\t\t<section class=\"elementor-section elementor-top-section elementor-element elementor-element-8422081 elementor-section-full_width elementor-section-height-default elementor-section-height-default parallax_section_no qode_elementor_container_no\" data-id=\"8422081\" data-element_type=\"section\">\n\t\t\t\t\t\t<div class=\"elementor-container elementor-column-gap-default\">\n\t\t\t\t\t<div class=\"elementor-column elementor-col-100 elementor-top-column elementor-element elementor-element-9c47c59\" data-id=\"9c47c59\" data-element_type=\"column\">\n\t\t\t<div class=\"elementor-widget-wrap elementor-element-populated\">\n\t\t\t\t\t\t\t\t<div class=\"elementor-element elementor-element-7be596c elementor-widget elementor-widget-heading\" data-id=\"7be596c\" data-element_type=\"widget\" data-widget_type=\"heading.default\">\n\t\t\t\t<div class=\"elementor-widget-container\">\n\t\t\t<h1 class=\"elementor-heading-title elementor-size-default\">Surtidos y salados<\/h1>\t\t<\/div>\n\t\t\t\t<\/div>\n\t\t\t\t\t<\/div>\n\t\t<\/div>\n\t\t\t\t\t\t\t<\/div>\n\t\t<\/section>\n\t\t\t\t<section class=\"elementor-section elementor-top-section elementor-element elementor-element-593c397 elementor-section-full_width elementor-section-height-default elementor-section-height-default parallax_section_no qode_elementor_container_no\" data-id=\"593c397\" data-element_type=\"section\">\n\t\t\t\t\t\t<div class=\"elementor-container elementor-column-gap-default\">\n\t\t\t\t\t<div class=\"elementor-column elementor-col-25 elementor-top-column elementor-element elementor-element-9d35877\" data-id=\"9d35877\" data-element_type=\"column\">\n\t\t\t<div class=\"elementor-widget-wrap elementor-element-populated\">\n\t\t\t\t\t\t\t\t<div class=\"elementor-element elementor-element-70470f6 elementor-widget elementor-widget-image\" data-id=\"70470f6\" data-element_type=\"widget\" data-widget_type=\"image.default\">\n\t\t\t\t<div class=\"elementor-widget-container\">\n\t\t\t\t\t\t\t\t\t\t\t\t\t\t\t<img decoding=\"async\" width=\"600\" height=\"600\" src=\"https:\/\/salvacot.cat\/wp-content\/uploads\/2021\/09\/assortiment_dolcos.jpg\" class=\"attachment-full size-full wp-image-408\" alt=\"Assortiments i salats\" loading=\"lazy\" srcset=\"https:\/\/salvacot.cat\/wp-content\/uploads\/2021\/09\/assortiment_dolcos.jpg 600w, https:\/\/salvacot.cat\/wp-content\/uploads\/2021\/09\/assortiment_dolcos-300x300.jpg 300w, https:\/\/salvacot.cat\/wp-content\/uploads\/2021\/09\/assortiment_dolcos-150x150.jpg 150w, https:\/\/salvacot.cat\/wp-content\/uploads\/2021\/09\/assortiment_dolcos-570x570.jpg 570w, https:\/\/salvacot.cat\/wp-content\/uploads\/2021\/09\/assortiment_dolcos-500x500.jpg 500w\" sizes=\"(max-width: 600px) 100vw, 600px\" \/>\t\t\t\t\t\t\t\t\t\t\t\t\t\t\t<\/div>\n\t\t\t\t<\/div>\n\t\t\t\t<div class=\"elementor-element elementor-element-a57ca28 elementor-widget elementor-widget-heading\" data-id=\"a57ca28\" data-element_type=\"widget\" data-widget_type=\"heading.default\">\n\t\t\t\t<div class=\"elementor-widget-container\">\n\t\t\t<h3 class=\"elementor-heading-title elementor-size-default\">Surtido dulces<\/h3>\t\t<\/div>\n\t\t\t\t<\/div>\n\t\t\t\t\t<\/div>\n\t\t<\/div>\n\t\t\t\t<div class=\"elementor-column elementor-col-25 elementor-top-column elementor-element elementor-element-a3d084c\" data-id=\"a3d084c\" data-element_type=\"column\">\n\t\t\t<div class=\"elementor-widget-wrap elementor-element-populated\">\n\t\t\t\t\t\t\t\t<div class=\"elementor-element elementor-element-6ca378e elementor-widget elementor-widget-image\" data-id=\"6ca378e\" data-element_type=\"widget\" data-widget_type=\"image.default\">\n\t\t\t\t<div class=\"elementor-widget-container\">\n\t\t\t\t\t\t\t\t\t\t\t\t\t\t\t<img decoding=\"async\" width=\"600\" height=\"600\" src=\"https:\/\/salvacot.cat\/wp-content\/uploads\/2021\/09\/napolitanes.jpg\" class=\"attachment-full size-full wp-image-409\" alt=\"Assortiments i salats\" loading=\"lazy\" srcset=\"https:\/\/salvacot.cat\/wp-content\/uploads\/2021\/09\/napolitanes.jpg 600w, https:\/\/salvacot.cat\/wp-content\/uploads\/2021\/09\/napolitanes-300x300.jpg 300w, https:\/\/salvacot.cat\/wp-content\/uploads\/2021\/09\/napolitanes-150x150.jpg 150w, https:\/\/salvacot.cat\/wp-content\/uploads\/2021\/09\/napolitanes-570x570.jpg 570w, https:\/\/salvacot.cat\/wp-content\/uploads\/2021\/09\/napolitanes-500x500.jpg 500w\" sizes=\"(max-width: 600px) 100vw, 600px\" \/>\t\t\t\t\t\t\t\t\t\t\t\t\t\t\t<\/div>\n\t\t\t\t<\/div>\n\t\t\t\t<div class=\"elementor-element elementor-element-fb2778d elementor-widget elementor-widget-heading\" data-id=\"fb2778d\" data-element_type=\"widget\" data-widget_type=\"heading.default\">\n\t\t\t\t<div class=\"elementor-widget-container\">\n\t\t\t<h3 class=\"elementor-heading-title elementor-size-default\">Croissants y napolitanas salados<\/h3>\t\t<\/div>\n\t\t\t\t<\/div>\n\t\t\t\t\t<\/div>\n\t\t<\/div>\n\t\t\t\t<div class=\"elementor-column elementor-col-25 elementor-top-column elementor-element elementor-element-edc417a\" data-id=\"edc417a\" data-element_type=\"column\">\n\t\t\t<div class=\"elementor-widget-wrap elementor-element-populated\">\n\t\t\t\t\t\t\t\t<div class=\"elementor-element elementor-element-250ec17 elementor-widget elementor-widget-image\" data-id=\"250ec17\" data-element_type=\"widget\" data-widget_type=\"image.default\">\n\t\t\t\t<div class=\"elementor-widget-container\">\n\t\t\t\t\t\t\t\t\t\t\t\t\t\t\t<img decoding=\"async\" width=\"600\" height=\"600\" src=\"https:\/\/salvacot.cat\/wp-content\/uploads\/2021\/09\/entrepanets.jpg\" class=\"attachment-full size-full wp-image-410\" alt=\"Assortiments i salats\" loading=\"lazy\" srcset=\"https:\/\/salvacot.cat\/wp-content\/uploads\/2021\/09\/entrepanets.jpg 600w, https:\/\/salvacot.cat\/wp-content\/uploads\/2021\/09\/entrepanets-300x300.jpg 300w, https:\/\/salvacot.cat\/wp-content\/uploads\/2021\/09\/entrepanets-150x150.jpg 150w, https:\/\/salvacot.cat\/wp-content\/uploads\/2021\/09\/entrepanets-570x570.jpg 570w, https:\/\/salvacot.cat\/wp-content\/uploads\/2021\/09\/entrepanets-500x500.jpg 500w\" sizes=\"(max-width: 600px) 100vw, 600px\" \/>\t\t\t\t\t\t\t\t\t\t\t\t\t\t\t<\/div>\n\t\t\t\t<\/div>\n\t\t\t\t<div class=\"elementor-element elementor-element-fb44ad2 elementor-widget elementor-widget-heading\" data-id=\"fb44ad2\" data-element_type=\"widget\" data-widget_type=\"heading.default\">\n\t\t\t\t<div class=\"elementor-widget-container\">\n\t\t\t<h3 class=\"elementor-heading-title elementor-size-default\">Mini bocadillos y tostadas<\/h3>\t\t<\/div>\n\t\t\t\t<\/div>\n\t\t\t\t\t<\/div>\n\t\t<\/div>\n\t\t\t\t<div class=\"elementor-column elementor-col-25 elementor-top-column elementor-element elementor-element-d23f333\" data-id=\"d23f333\" data-element_type=\"column\">\n\t\t\t<div class=\"elementor-widget-wrap elementor-element-populated\">\n\t\t\t\t\t\t\t\t<div class=\"elementor-element elementor-element-71e4934 elementor-widget elementor-widget-image\" data-id=\"71e4934\" data-element_type=\"widget\" data-widget_type=\"image.default\">\n\t\t\t\t<div class=\"elementor-widget-container\">\n\t\t\t\t\t\t\t\t\t\t\t\t\t\t\t<img decoding=\"async\" width=\"600\" height=\"600\" src=\"https:\/\/salvacot.cat\/wp-content\/uploads\/2021\/09\/pasta_full-1.jpg\" class=\"attachment-full size-full wp-image-411\" alt=\"Assortiments i salats\" loading=\"lazy\" srcset=\"https:\/\/salvacot.cat\/wp-content\/uploads\/2021\/09\/pasta_full-1.jpg 600w, https:\/\/salvacot.cat\/wp-content\/uploads\/2021\/09\/pasta_full-1-300x300.jpg 300w, https:\/\/salvacot.cat\/wp-content\/uploads\/2021\/09\/pasta_full-1-150x150.jpg 150w, https:\/\/salvacot.cat\/wp-content\/uploads\/2021\/09\/pasta_full-1-570x570.jpg 570w, https:\/\/salvacot.cat\/wp-content\/uploads\/2021\/09\/pasta_full-1-500x500.jpg 500w\" sizes=\"(max-width: 600px) 100vw, 600px\" \/>\t\t\t\t\t\t\t\t\t\t\t\t\t\t\t<\/div>\n\t\t\t\t<\/div>\n\t\t\t\t<div class=\"elementor-element elementor-element-c615550 elementor-widget elementor-widget-heading\" data-id=\"c615550\" data-element_type=\"widget\" data-widget_type=\"heading.default\">\n\t\t\t\t<div class=\"elementor-widget-container\">\n\t\t\t<h3 class=\"elementor-heading-title elementor-size-default\">Hojaldre<\/h3>\t\t<\/div>\n\t\t\t\t<\/div>\n\t\t\t\t\t<\/div>\n\t\t<\/div>\n\t\t\t\t\t\t\t<\/div>\n\t\t<\/section>\n\t\t\t\t<section class=\"elementor-section elementor-top-section elementor-element elementor-element-b332fa0 elementor-section-full_width elementor-section-height-default elementor-section-height-default parallax_section_no qode_elementor_container_no\" data-id=\"b332fa0\" data-element_type=\"section\">\n\t\t\t\t\t\t<div class=\"elementor-container elementor-column-gap-default\">\n\t\t\t\t\t<div class=\"elementor-column elementor-col-25 elementor-top-column elementor-element elementor-element-3033321\" data-id=\"3033321\" data-element_type=\"column\">\n\t\t\t<div class=\"elementor-widget-wrap elementor-element-populated\">\n\t\t\t\t\t\t\t\t<div class=\"elementor-element elementor-element-80fbba0 elementor-widget elementor-widget-image\" data-id=\"80fbba0\" data-element_type=\"widget\" data-widget_type=\"image.default\">\n\t\t\t\t<div class=\"elementor-widget-container\">\n\t\t\t\t\t\t\t\t\t\t\t\t\t\t\t<img decoding=\"async\" width=\"600\" height=\"600\" src=\"https:\/\/salvacot.cat\/wp-content\/uploads\/2021\/11\/canapes.jpg\" class=\"attachment-full size-full wp-image-582\" alt=\"\" loading=\"lazy\" srcset=\"https:\/\/salvacot.cat\/wp-content\/uploads\/2021\/11\/canapes.jpg 600w, https:\/\/salvacot.cat\/wp-content\/uploads\/2021\/11\/canapes-300x300.jpg 300w, https:\/\/salvacot.cat\/wp-content\/uploads\/2021\/11\/canapes-150x150.jpg 150w, https:\/\/salvacot.cat\/wp-content\/uploads\/2021\/11\/canapes-570x570.jpg 570w, https:\/\/salvacot.cat\/wp-content\/uploads\/2021\/11\/canapes-500x500.jpg 500w\" sizes=\"(max-width: 600px) 100vw, 600px\" \/>\t\t\t\t\t\t\t\t\t\t\t\t\t\t\t<\/div>\n\t\t\t\t<\/div>\n\t\t\t\t<div class=\"elementor-element elementor-element-5cac9ea elementor-widget elementor-widget-text-editor\" data-id=\"5cac9ea\" data-element_type=\"widget\" data-widget_type=\"text-editor.default\">\n\t\t\t\t<div class=\"elementor-widget-container\">\n\t\t\t\t\t\t\t<h3>Surtido de canap\u00e9s<\/h3>\n<h6>(salm\u00f3n, foie, gamba, jam\u00f3n salado, sobrasada)<\/h6>\t\t\t\t\t\t<\/div>\n\t\t\t\t<\/div>\n\t\t\t\t\t<\/div>\n\t\t<\/div>\n\t\t\t\t<div class=\"elementor-column elementor-col-25 elementor-top-column elementor-element elementor-element-3bc24ea\" data-id=\"3bc24ea\" data-element_type=\"column\">\n\t\t\t<div class=\"elementor-widget-wrap elementor-element-populated\">\n\t\t\t\t\t\t\t\t<div class=\"elementor-element elementor-element-cbd3e23 elementor-widget elementor-widget-image\" data-id=\"cbd3e23\" data-element_type=\"widget\" data-widget_type=\"image.default\">\n\t\t\t\t<div class=\"elementor-widget-container\">\n\t\t\t\t\t\t\t\t\t\t\t\t\t\t\t<img decoding=\"async\" width=\"600\" height=\"600\" src=\"https:\/\/salvacot.cat\/wp-content\/uploads\/2021\/11\/full_salat.jpg\" class=\"attachment-full size-full wp-image-583\" alt=\"\" loading=\"lazy\" srcset=\"https:\/\/salvacot.cat\/wp-content\/uploads\/2021\/11\/full_salat.jpg 600w, https:\/\/salvacot.cat\/wp-content\/uploads\/2021\/11\/full_salat-300x300.jpg 300w, https:\/\/salvacot.cat\/wp-content\/uploads\/2021\/11\/full_salat-150x150.jpg 150w, https:\/\/salvacot.cat\/wp-content\/uploads\/2021\/11\/full_salat-570x570.jpg 570w, https:\/\/salvacot.cat\/wp-content\/uploads\/2021\/11\/full_salat-500x500.jpg 500w\" sizes=\"(max-width: 600px) 100vw, 600px\" \/>\t\t\t\t\t\t\t\t\t\t\t\t\t\t\t<\/div>\n\t\t\t\t<\/div>\n\t\t\t\t<div class=\"elementor-element elementor-element-ad9b00d elementor-widget elementor-widget-text-editor\" data-id=\"ad9b00d\" data-element_type=\"widget\" data-widget_type=\"text-editor.default\">\n\t\t\t\t<div class=\"elementor-widget-container\">\n\t\t\t\t\t\t\t<h3>Hojaldre salado<\/h3>\n<h6>(at\u00fan, frankfurt, vegetal, sobrasada y almendra)<\/h6>\t\t\t\t\t\t<\/div>\n\t\t\t\t<\/div>\n\t\t\t\t\t<\/div>\n\t\t<\/div>\n\t\t\t\t<div class=\"elementor-column elementor-col-25 elementor-top-column elementor-element elementor-element-de0e4da\" data-id=\"de0e4da\" data-element_type=\"column\">\n\t\t\t<div class=\"elementor-widget-wrap elementor-element-populated\">\n\t\t\t\t\t\t\t\t<div class=\"elementor-element elementor-element-66fa92f elementor-widget elementor-widget-image\" data-id=\"66fa92f\" data-element_type=\"widget\" data-widget_type=\"image.default\">\n\t\t\t\t<div class=\"elementor-widget-container\">\n\t\t\t\t\t\t\t\t\t\t\t\t\t\t\t<img decoding=\"async\" width=\"600\" height=\"600\" src=\"https:\/\/salvacot.cat\/wp-content\/uploads\/2021\/11\/mini_pastisseria.jpg\" class=\"attachment-full size-full wp-image-584\" alt=\"\" loading=\"lazy\" srcset=\"https:\/\/salvacot.cat\/wp-content\/uploads\/2021\/11\/mini_pastisseria.jpg 600w, https:\/\/salvacot.cat\/wp-content\/uploads\/2021\/11\/mini_pastisseria-300x300.jpg 300w, https:\/\/salvacot.cat\/wp-content\/uploads\/2021\/11\/mini_pastisseria-150x150.jpg 150w, https:\/\/salvacot.cat\/wp-content\/uploads\/2021\/11\/mini_pastisseria-570x570.jpg 570w, https:\/\/salvacot.cat\/wp-content\/uploads\/2021\/11\/mini_pastisseria-500x500.jpg 500w\" sizes=\"(max-width: 600px) 100vw, 600px\" \/>\t\t\t\t\t\t\t\t\t\t\t\t\t\t\t<\/div>\n\t\t\t\t<\/div>\n\t\t\t\t<div class=\"elementor-element elementor-element-29d1252 elementor-widget elementor-widget-heading\" data-id=\"29d1252\" data-element_type=\"widget\" data-widget_type=\"heading.default\">\n\t\t\t\t<div class=\"elementor-widget-container\">\n\t\t\t<h3 class=\"elementor-heading-title elementor-size-default\">Mini pasteler\u00eda<\/h3>\t\t<\/div>\n\t\t\t\t<\/div>\n\t\t\t\t\t<\/div>\n\t\t<\/div>\n\t\t\t\t<div class=\"elementor-column elementor-col-25 elementor-top-column elementor-element elementor-element-b04a97f\" data-id=\"b04a97f\" data-element_type=\"column\">\n\t\t\t<div class=\"elementor-widget-wrap\">\n\t\t\t\t\t\t\t\t\t<\/div>\n\t\t<\/div>\n\t\t\t\t\t\t\t<\/div>\n\t\t<\/section>\n\t\t\t\t\t\t\t<\/div>\n\t\t","protected":false},"excerpt":{"rendered":"<p>Surtidos y salados sauleda productos Surtidos y salados Surtido dulces Croissants y napolitanas salados Mini bocadillos y tostadas Hojaldre Surtido de canap\u00e9s (salm\u00f3n, foie, gamba, jam\u00f3n salado, sobrasada) Hojaldre salado (at\u00fan, frankfurt, vegetal, sobrasada y almendra) Mini pasteler\u00eda<\/p>\n","protected":false},"author":1,"featured_media":0,"parent":1224,"menu_order":0,"comment_status":"closed","ping_status":"closed","template":"elementor_header_footer","meta":[],"yoast_head":"<!-- This site is optimized with the Yoast SEO plugin v20.13 - https:\/\/yoast.com\/wordpress\/plugins\/seo\/ -->\n<title>Surtidos y salados - Salv\u00e0 Cot Pastisseres<\/title>\n<meta name=\"description\" content=\"Surtidos y salados de la pasteler\u00eda Salv\u00e0 Cot. Pasteler\u00eda tradicional con elaboraci\u00f3n artesana ubicados en Arenys de Mar.\" \/>\n<meta name=\"robots\" content=\"index, follow, max-snippet:-1, max-image-preview:large, max-video-preview:-1\" \/>\n<link rel=\"canonical\" href=\"https:\/\/salvacot.cat\/es\/productos\/surtidos-y-salados\/\" \/>\n<meta property=\"og:locale\" content=\"es_ES\" \/>\n<meta property=\"og:type\" content=\"article\" \/>\n<meta property=\"og:title\" content=\"Surtidos y salados - Salv\u00e0 Cot Pastisseres\" \/>\n<meta property=\"og:description\" content=\"Surtidos y salados de la pasteler\u00eda Salv\u00e0 Cot. Pasteler\u00eda tradicional con elaboraci\u00f3n artesana ubicados en Arenys de Mar.\" \/>\n<meta property=\"og:url\" content=\"https:\/\/salvacot.cat\/es\/productos\/surtidos-y-salados\/\" \/>\n<meta property=\"og:site_name\" content=\"Salv\u00e0 Cot Pastisseres\" \/>\n<meta property=\"article:publisher\" content=\"https:\/\/www.facebook.com\/salvacotpastisseres\" \/>\n<meta property=\"article:modified_time\" content=\"2023-03-07T08:32:13+00:00\" \/>\n<meta property=\"og:image\" content=\"https:\/\/salvacot.cat\/wp-content\/uploads\/2021\/09\/slide_assortiments.jpg\" \/>\n<meta name=\"twitter:card\" content=\"summary_large_image\" \/>\n<script type=\"application\/ld+json\" class=\"yoast-schema-graph\">{\"@context\":\"https:\/\/schema.org\",\"@graph\":[{\"@type\":\"WebPage\",\"@id\":\"https:\/\/salvacot.cat\/es\/productos\/surtidos-y-salados\/\",\"url\":\"https:\/\/salvacot.cat\/es\/productos\/surtidos-y-salados\/\",\"name\":\"Surtidos y salados - Salv\u00e0 Cot Pastisseres\",\"isPartOf\":{\"@id\":\"https:\/\/salvacot.cat\/es\/#website\"},\"datePublished\":\"2021-09-30T12:38:52+00:00\",\"dateModified\":\"2023-03-07T08:32:13+00:00\",\"description\":\"Surtidos y salados de la pasteler\u00eda Salv\u00e0 Cot. Pasteler\u00eda tradicional con elaboraci\u00f3n artesana ubicados en Arenys de Mar.\",\"breadcrumb\":{\"@id\":\"https:\/\/salvacot.cat\/es\/productos\/surtidos-y-salados\/#breadcrumb\"},\"inLanguage\":\"es\",\"potentialAction\":[{\"@type\":\"ReadAction\",\"target\":[\"https:\/\/salvacot.cat\/es\/productos\/surtidos-y-salados\/\"]}]},{\"@type\":\"BreadcrumbList\",\"@id\":\"https:\/\/salvacot.cat\/es\/productos\/surtidos-y-salados\/#breadcrumb\",\"itemListElement\":[{\"@type\":\"ListItem\",\"position\":1,\"name\":\"Inici\",\"item\":\"https:\/\/salvacot.cat\/es\/\"},{\"@type\":\"ListItem\",\"position\":2,\"name\":\"Productos\",\"item\":\"https:\/\/salvacot.cat\/es\/productos\/\"},{\"@type\":\"ListItem\",\"position\":3,\"name\":\"Surtidos y salados\"}]},{\"@type\":\"WebSite\",\"@id\":\"https:\/\/salvacot.cat\/es\/#website\",\"url\":\"https:\/\/salvacot.cat\/es\/\",\"name\":\"Salv\u00e0 Cot Pastisseres\",\"description\":\"Pastisseria de qualitat a Arenys de Mar\",\"publisher\":{\"@id\":\"https:\/\/salvacot.cat\/es\/#organization\"},\"potentialAction\":[{\"@type\":\"SearchAction\",\"target\":{\"@type\":\"EntryPoint\",\"urlTemplate\":\"https:\/\/salvacot.cat\/es\/?s={search_term_string}\"},\"query-input\":\"required name=search_term_string\"}],\"inLanguage\":\"es\"},{\"@type\":\"Organization\",\"@id\":\"https:\/\/salvacot.cat\/es\/#organization\",\"name\":\"Salv\u00e0 Cot Pastisseres\",\"url\":\"https:\/\/salvacot.cat\/es\/\",\"logo\":{\"@type\":\"ImageObject\",\"inLanguage\":\"es\",\"@id\":\"https:\/\/salvacot.cat\/es\/#\/schema\/logo\/image\/\",\"url\":\"https:\/\/salvacot.cat\/wp-content\/uploads\/2023\/02\/logo.png\",\"contentUrl\":\"https:\/\/salvacot.cat\/wp-content\/uploads\/2023\/02\/logo.png\",\"width\":204,\"height\":70,\"caption\":\"Salv\u00e0 Cot Pastisseres\"},\"image\":{\"@id\":\"https:\/\/salvacot.cat\/es\/#\/schema\/logo\/image\/\"},\"sameAs\":[\"https:\/\/www.facebook.com\/salvacotpastisseres\",\"https:\/\/www.instagram.com\/salvacotpastisseres\/\"]}]}<\/script>\n<!-- \/ Yoast SEO plugin. -->","yoast_head_json":{"title":"Surtidos y salados - Salv\u00e0 Cot Pastisseres","description":"Surtidos y salados de la pasteler\u00eda Salv\u00e0 Cot. Pasteler\u00eda tradicional con elaboraci\u00f3n artesana ubicados en Arenys de Mar.","robots":{"index":"index","follow":"follow","max-snippet":"max-snippet:-1","max-image-preview":"max-image-preview:large","max-video-preview":"max-video-preview:-1"},"canonical":"https:\/\/salvacot.cat\/es\/productos\/surtidos-y-salados\/","og_locale":"es_ES","og_type":"article","og_title":"Surtidos y salados - Salv\u00e0 Cot Pastisseres","og_description":"Surtidos y salados de la pasteler\u00eda Salv\u00e0 Cot. Pasteler\u00eda tradicional con elaboraci\u00f3n artesana ubicados en Arenys de Mar.","og_url":"https:\/\/salvacot.cat\/es\/productos\/surtidos-y-salados\/","og_site_name":"Salv\u00e0 Cot Pastisseres","article_publisher":"https:\/\/www.facebook.com\/salvacotpastisseres","article_modified_time":"2023-03-07T08:32:13+00:00","og_image":[{"url":"https:\/\/salvacot.cat\/wp-content\/uploads\/2021\/09\/slide_assortiments.jpg"}],"twitter_card":"summary_large_image","schema":{"@context":"https:\/\/schema.org","@graph":[{"@type":"WebPage","@id":"https:\/\/salvacot.cat\/es\/productos\/surtidos-y-salados\/","url":"https:\/\/salvacot.cat\/es\/productos\/surtidos-y-salados\/","name":"Surtidos y salados - Salv\u00e0 Cot Pastisseres","isPartOf":{"@id":"https:\/\/salvacot.cat\/es\/#website"},"datePublished":"2021-09-30T12:38:52+00:00","dateModified":"2023-03-07T08:32:13+00:00","description":"Surtidos y salados de la pasteler\u00eda Salv\u00e0 Cot. Pasteler\u00eda tradicional con elaboraci\u00f3n artesana ubicados en Arenys de Mar.","breadcrumb":{"@id":"https:\/\/salvacot.cat\/es\/productos\/surtidos-y-salados\/#breadcrumb"},"inLanguage":"es","potentialAction":[{"@type":"ReadAction","target":["https:\/\/salvacot.cat\/es\/productos\/surtidos-y-salados\/"]}]},{"@type":"BreadcrumbList","@id":"https:\/\/salvacot.cat\/es\/productos\/surtidos-y-salados\/#breadcrumb","itemListElement":[{"@type":"ListItem","position":1,"name":"Inici","item":"https:\/\/salvacot.cat\/es\/"},{"@type":"ListItem","position":2,"name":"Productos","item":"https:\/\/salvacot.cat\/es\/productos\/"},{"@type":"ListItem","position":3,"name":"Surtidos y salados"}]},{"@type":"WebSite","@id":"https:\/\/salvacot.cat\/es\/#website","url":"https:\/\/salvacot.cat\/es\/","name":"Salv\u00e0 Cot Pastisseres","description":"Pastisseria de qualitat a Arenys de Mar","publisher":{"@id":"https:\/\/salvacot.cat\/es\/#organization"},"potentialAction":[{"@type":"SearchAction","target":{"@type":"EntryPoint","urlTemplate":"https:\/\/salvacot.cat\/es\/?s={search_term_string}"},"query-input":"required name=search_term_string"}],"inLanguage":"es"},{"@type":"Organization","@id":"https:\/\/salvacot.cat\/es\/#organization","name":"Salv\u00e0 Cot Pastisseres","url":"https:\/\/salvacot.cat\/es\/","logo":{"@type":"ImageObject","inLanguage":"es","@id":"https:\/\/salvacot.cat\/es\/#\/schema\/logo\/image\/","url":"https:\/\/salvacot.cat\/wp-content\/uploads\/2023\/02\/logo.png","contentUrl":"https:\/\/salvacot.cat\/wp-content\/uploads\/2023\/02\/logo.png","width":204,"height":70,"caption":"Salv\u00e0 Cot Pastisseres"},"image":{"@id":"https:\/\/salvacot.cat\/es\/#\/schema\/logo\/image\/"},"sameAs":["https:\/\/www.facebook.com\/salvacotpastisseres","https:\/\/www.instagram.com\/salvacotpastisseres\/"]}]}},"_links":{"self":[{"href":"https:\/\/salvacot.cat\/es\/wp-json\/wp\/v2\/pages\/1273"}],"collection":[{"href":"https:\/\/salvacot.cat\/es\/wp-json\/wp\/v2\/pages"}],"about":[{"href":"https:\/\/salvacot.cat\/es\/wp-json\/wp\/v2\/types\/page"}],"author":[{"embeddable":true,"href":"https:\/\/salvacot.cat\/es\/wp-json\/wp\/v2\/users\/1"}],"replies":[{"embeddable":true,"href":"https:\/\/salvacot.cat\/es\/wp-json\/wp\/v2\/comments?post=1273"}],"version-history":[{"count":3,"href":"https:\/\/salvacot.cat\/es\/wp-json\/wp\/v2\/pages\/1273\/revisions"}],"predecessor-version":[{"id":1304,"href":"https:\/\/salvacot.cat\/es\/wp-json\/wp\/v2\/pages\/1273\/revisions\/1304"}],"up":[{"embeddable":true,"href":"https:\/\/salvacot.cat\/es\/wp-json\/wp\/v2\/pages\/1224"}],"wp:attachment":[{"href":"https:\/\/salvacot.cat\/es\/wp-json\/wp\/v2\/media?parent=1273"}],"curies":[{"name":"wp","href":"https:\/\/api.w.org\/{rel}","templated":true}]}}