{"id":1222,"date":"2021-05-11T12:25:42","date_gmt":"2021-05-11T12:25:42","guid":{"rendered":"https:\/\/salvacot.cat\/nosotros\/"},"modified":"2024-01-28T20:19:28","modified_gmt":"2024-01-28T20:19:28","slug":"nosotros","status":"publish","type":"page","link":"https:\/\/salvacot.cat\/es\/nosotros\/","title":{"rendered":"Nosotros"},"content":{"rendered":"\t\t<div data-elementor-type=\"wp-page\" data-elementor-id=\"1222\" class=\"elementor elementor-1222 elementor-22\">\n\t\t\t\t\t\t\t\t\t<section class=\"elementor-section elementor-top-section elementor-element elementor-element-b786a59 elementor-hidden-desktop elementor-hidden-tablet elementor-hidden-mobile elementor-section-boxed elementor-section-height-default elementor-section-height-default parallax_section_no qode_elementor_container_no\" data-id=\"b786a59\" data-element_type=\"section\">\n\t\t\t\t\t\t<div class=\"elementor-container elementor-column-gap-default\">\n\t\t\t\t\t<div class=\"elementor-column elementor-col-100 elementor-top-column elementor-element elementor-element-43cc71d\" data-id=\"43cc71d\" data-element_type=\"column\">\n\t\t\t<div class=\"elementor-widget-wrap elementor-element-populated\">\n\t\t\t\t\t\t\t\t<div class=\"elementor-element elementor-element-35a9e04 elementor-widget elementor-widget-text-editor\" data-id=\"35a9e04\" data-element_type=\"widget\" data-widget_type=\"text-editor.default\">\n\t\t\t\t<div class=\"elementor-widget-container\">\n\t\t\t\t\t\t\t<p>Nosotros<\/p>\n\t\t\t\t\t\t<\/div>\n\t\t\t\t<\/div>\n\t\t\t\t\t<\/div>\n\t\t<\/div>\n\t\t\t\t\t\t\t<\/div>\n\t\t<\/section>\n\t\t\t\t<section class=\"elementor-section elementor-top-section elementor-element elementor-element-188a4c95 elementor-section-full_width elementor-section-height-default elementor-section-height-default parallax_section_no qode_elementor_container_no\" data-id=\"188a4c95\" data-element_type=\"section\">\n\t\t\t\t\t\t<div class=\"elementor-container elementor-column-gap-default\">\n\t\t\t\t\t<div class=\"elementor-column elementor-col-100 elementor-top-column elementor-element elementor-element-453812c6\" data-id=\"453812c6\" data-element_type=\"column\">\n\t\t\t<div class=\"elementor-widget-wrap elementor-element-populated\">\n\t\t\t\t\t\t\t\t<div class=\"elementor-element elementor-element-a7e0f93 elementor-widget elementor-widget-image\" data-id=\"a7e0f93\" data-element_type=\"widget\" data-widget_type=\"image.default\">\n\t\t\t\t<div class=\"elementor-widget-container\">\n\t\t\t\t\t\t\t\t\t\t\t\t\t\t\t<img decoding=\"async\" width=\"1900\" height=\"300\" src=\"https:\/\/salvacot.cat\/wp-content\/uploads\/2021\/05\/slide_nosaltres.png\" class=\"attachment-full size-full wp-image-153\" alt=\"\" loading=\"lazy\" srcset=\"https:\/\/salvacot.cat\/wp-content\/uploads\/2021\/05\/slide_nosaltres.png 1900w, https:\/\/salvacot.cat\/wp-content\/uploads\/2021\/05\/slide_nosaltres-300x47.png 300w, https:\/\/salvacot.cat\/wp-content\/uploads\/2021\/05\/slide_nosaltres-1024x162.png 1024w, https:\/\/salvacot.cat\/wp-content\/uploads\/2021\/05\/slide_nosaltres-768x121.png 768w, https:\/\/salvacot.cat\/wp-content\/uploads\/2021\/05\/slide_nosaltres-1536x243.png 1536w, https:\/\/salvacot.cat\/wp-content\/uploads\/2021\/05\/slide_nosaltres-700x111.png 700w\" sizes=\"(max-width: 1900px) 100vw, 1900px\" \/>\t\t\t\t\t\t\t\t\t\t\t\t\t\t\t<\/div>\n\t\t\t\t<\/div>\n\t\t\t\t\t<\/div>\n\t\t<\/div>\n\t\t\t\t\t\t\t<\/div>\n\t\t<\/section>\n\t\t\t\t<section class=\"elementor-section elementor-top-section elementor-element elementor-element-822a914 elementor-section-full_width elementor-section-content-middle elementor-section-height-default elementor-section-height-default parallax_section_no qode_elementor_container_no\" data-id=\"822a914\" data-element_type=\"section\">\n\t\t\t\t\t\t<div class=\"elementor-container elementor-column-gap-default\">\n\t\t\t\t\t<div class=\"elementor-column elementor-col-50 elementor-top-column elementor-element elementor-element-0283a4c\" data-id=\"0283a4c\" data-element_type=\"column\">\n\t\t\t<div class=\"elementor-widget-wrap elementor-element-populated\">\n\t\t\t\t\t\t\t\t<div class=\"elementor-element elementor-element-9547e65 elementor-widget elementor-widget-image\" data-id=\"9547e65\" data-element_type=\"widget\" data-widget_type=\"image.default\">\n\t\t\t\t<div class=\"elementor-widget-container\">\n\t\t\t\t\t\t\t\t\t\t\t\t\t\t\t<img decoding=\"async\" width=\"900\" height=\"500\" src=\"https:\/\/salvacot.cat\/wp-content\/uploads\/2021\/05\/nosaltres.png\" class=\"attachment-full size-full wp-image-152\" alt=\"Nosaltres\" loading=\"lazy\" srcset=\"https:\/\/salvacot.cat\/wp-content\/uploads\/2021\/05\/nosaltres.png 900w, https:\/\/salvacot.cat\/wp-content\/uploads\/2021\/05\/nosaltres-300x167.png 300w, https:\/\/salvacot.cat\/wp-content\/uploads\/2021\/05\/nosaltres-768x427.png 768w, https:\/\/salvacot.cat\/wp-content\/uploads\/2021\/05\/nosaltres-700x389.png 700w\" sizes=\"(max-width: 900px) 100vw, 900px\" \/>\t\t\t\t\t\t\t\t\t\t\t\t\t\t\t<\/div>\n\t\t\t\t<\/div>\n\t\t\t\t\t<\/div>\n\t\t<\/div>\n\t\t\t\t<div class=\"elementor-column elementor-col-50 elementor-top-column elementor-element elementor-element-94636b3\" data-id=\"94636b3\" data-element_type=\"column\">\n\t\t\t<div class=\"elementor-widget-wrap elementor-element-populated\">\n\t\t\t\t\t\t\t\t<div class=\"elementor-element elementor-element-3b8dcf5 elementor-widget elementor-widget-heading\" data-id=\"3b8dcf5\" data-element_type=\"widget\" data-widget_type=\"heading.default\">\n\t\t\t\t<div class=\"elementor-widget-container\">\n\t\t\t<h2 class=\"elementor-heading-title elementor-size-default\">Sobre nosotros<\/h2>\t\t<\/div>\n\t\t\t\t<\/div>\n\t\t\t\t<div class=\"elementor-element elementor-element-5e4911e elementor-widget elementor-widget-text-editor\" data-id=\"5e4911e\" data-element_type=\"widget\" data-widget_type=\"text-editor.default\">\n\t\t\t\t<div class=\"elementor-widget-container\">\n\t\t\t\t\t\t\t<h4><strong>Salv\u00e0 Cot Pastisseres vuelve la tradici\u00f3n comercial a Can Salv\u00e0<\/strong><\/h4><p>\u00a0<\/p><p>Continuamos la tradici\u00f3n comercial que empezaron nuestros bisabuelos Antonia Pruna y Joan Salv\u00e0 cuando, poco despu\u00e9s de la guerra civil, abrieron una fruter\u00eda que combinaban con una parada en la plaza del mercado municipal y un negocio de importaci\u00f3n-exportaci\u00f3n de patatas y frutos secos que ya ten\u00edan anteriormente.\u00a0<\/p><p>\u00a0<\/p><p>En 1962 el abuelo Joaquim Salv\u00e0 hizo un cambio importante sustituyendo la fruter\u00eda por una agencia de viajes.<\/p><p>\u00a0<\/p><p>M\u00e1s tarde, hacia 1971 la abuela M\u00aa Teresa Casanovas y la t\u00eda Rosa Salv\u00e0, despu\u00e9s de una primera reforma del local en la riera, abrieron junto a la agencia una perfumer\u00eda y mercer\u00eda. El cambio de siglo abri\u00f3 un par\u00e9ntesis ya que nuestros padres Montserrat Cot (maestro) y Antoni Salv\u00e0 (m\u00e9dico) se dedicaron a otros oficios. Durante este per\u00edodo el local fue alquilado.<\/p><p>\u00a0<\/p><p>El 3 de diciembre de 2020, despu\u00e9s de una segunda reforma en profundidad y una adaptaci\u00f3n del local como requieren los establecimientos del siglo XXI, nosotros (N\u00faria y Marta Salv\u00e0) hemos abierto una pasteler\u00eda-chocolater\u00eda que devuelve la actividad comercial a la familia Salv\u00e0.<\/p>\t\t\t\t\t\t<\/div>\n\t\t\t\t<\/div>\n\t\t\t\t\t<\/div>\n\t\t<\/div>\n\t\t\t\t\t\t\t<\/div>\n\t\t<\/section>\n\t\t\t\t<section class=\"elementor-section elementor-top-section elementor-element elementor-element-1fe0bd4 elementor-section-full_width elementor-section-height-default elementor-section-height-default parallax_section_no qode_elementor_container_no\" data-id=\"1fe0bd4\" data-element_type=\"section\">\n\t\t\t\t\t\t<div class=\"elementor-container elementor-column-gap-default\">\n\t\t\t\t\t<div class=\"elementor-column elementor-col-50 elementor-top-column elementor-element elementor-element-632e496\" data-id=\"632e496\" data-element_type=\"column\">\n\t\t\t<div class=\"elementor-widget-wrap elementor-element-populated\">\n\t\t\t\t\t\t\t\t<div class=\"elementor-element elementor-element-a95bf43 elementor-widget elementor-widget-text-editor\" data-id=\"a95bf43\" data-element_type=\"widget\" data-widget_type=\"text-editor.default\">\n\t\t\t\t<div class=\"elementor-widget-container\">\n\t\t\t\t\t\t\t<h4><strong>La pasteler\u00eda<\/strong><\/h4><p>En <strong>Salv\u00e0 Cot Pastisseres<\/strong> ofrecemos productos frescos elaborados en nuestro propio obrador d\u00f3nde N\u00faria Salv\u00e0 prepara diariamente productos de proximidad de gran calidad.<\/p><p>Otros obradores complementan la importante oferta de Salv\u00e0 Cot Pastisseres:\u00a0 Maurici Cot (productos sin gluten ni lactosa), Enric Rosich (macarons sin gluten), Vallflorida Xocolaters (panettones y fiestas se\u00f1aladas), Eqlibre (pan sin gluten) y Forn de pa Can Puig. Todo regado con vinos y cavas de Can Suriol del Castillo de Grabuac, baluarte de los conocimientos y pr\u00e1cticas tradicionales de los campesinos mediterr\u00e1neos, mostrando el Pened\u00e8s m\u00e1s aut\u00e9ntico.<\/p>\t\t\t\t\t\t<\/div>\n\t\t\t\t<\/div>\n\t\t\t\t\t<\/div>\n\t\t<\/div>\n\t\t\t\t<div class=\"elementor-column elementor-col-50 elementor-top-column elementor-element elementor-element-5af204e\" data-id=\"5af204e\" data-element_type=\"column\">\n\t\t\t<div class=\"elementor-widget-wrap elementor-element-populated\">\n\t\t\t\t\t\t\t\t<div class=\"elementor-element elementor-element-b3097b4 elementor-widget elementor-widget-text-editor\" data-id=\"b3097b4\" data-element_type=\"widget\" data-widget_type=\"text-editor.default\">\n\t\t\t\t<div class=\"elementor-widget-container\">\n\t\t\t\t\t\t\t<h4><strong>Cambio de nombre<\/strong><\/h4><p>\u00a0<\/p><p>El d\u00eda que decidimos montar la pasteler\u00eda ten\u00edamos claro que quer\u00edamos que el chocolate fuera un elemento importante en todos los aspectos (marca, productos\u2026). Cuando busc\u00e1bamos nombres, no nos convenc\u00eda ninguno hasta que llegamos a Mokaya.<\/p><p>\u00a0<\/p><p>Como muchos sabr\u00e9is, el cacao ha sido cultivado por muchas culturas durante al menos tres milenios en Mesoam\u00e9rica. Quiz\u00e1s las m\u00e1s conocidas son Maya y Azteca pero, la evidencia m\u00e1s temprana del uso del cacao pertenece a la cultura Mokaya, una cultura preolmeca de la regi\u00f3n del Soconusco en M\u00e9xico y de partes de la costa del Pac\u00edfico en el oeste de Guatemala, con vestigios de bebidas de chocolate que datan de 1900 a.C.<\/p><p>\u00a0<\/p><p>Por tanto, con el nombre de Mokaya quer\u00edamos homenajear a aquellos que nos descubrieron el cacao.<\/p><p>\u00a0<\/p><p>Desgraciadamente, despu\u00e9s de dos a\u00f1os utilizando la marca Mokaya hemos tenido que cambiar el nombre debido a la oposici\u00f3n de nuestro registro de marca por parte de otra empresa.<\/p><p>\u00a0<\/p><p>Por este motivo Mokaya es ahora <strong>Salv\u00e0 Cot Pastisseres<\/strong>.<\/p>\t\t\t\t\t\t<\/div>\n\t\t\t\t<\/div>\n\t\t\t\t\t<\/div>\n\t\t<\/div>\n\t\t\t\t\t\t\t<\/div>\n\t\t<\/section>\n\t\t\t\t<section class=\"elementor-section elementor-top-section elementor-element elementor-element-14b3b4e elementor-section-boxed elementor-section-height-default elementor-section-height-default parallax_section_no qode_elementor_container_no\" data-id=\"14b3b4e\" data-element_type=\"section\">\n\t\t\t\t\t\t<div class=\"elementor-container elementor-column-gap-default\">\n\t\t\t\t\t<div class=\"elementor-column elementor-col-100 elementor-top-column elementor-element elementor-element-69c6124\" data-id=\"69c6124\" data-element_type=\"column\">\n\t\t\t<div class=\"elementor-widget-wrap elementor-element-populated\">\n\t\t\t\t\t\t\t\t<div class=\"elementor-element elementor-element-96d0d1d elementor-widget elementor-widget-spacer\" data-id=\"96d0d1d\" data-element_type=\"widget\" data-widget_type=\"spacer.default\">\n\t\t\t\t<div class=\"elementor-widget-container\">\n\t\t\t\t\t<div class=\"elementor-spacer\">\n\t\t\t<div class=\"elementor-spacer-inner\"><\/div>\n\t\t<\/div>\n\t\t\t\t<\/div>\n\t\t\t\t<\/div>\n\t\t\t\t\t<\/div>\n\t\t<\/div>\n\t\t\t\t\t\t\t<\/div>\n\t\t<\/section>\n\t\t\t\t\t\t\t<\/div>\n\t\t","protected":false},"excerpt":{"rendered":"<p>Nosotros Sobre nosotros Salv\u00e0 Cot Pastisseres vuelve la tradici\u00f3n comercial a Can Salv\u00e0 \u00a0 Continuamos la tradici\u00f3n comercial que empezaron nuestros bisabuelos Antonia Pruna y Joan Salv\u00e0 cuando, poco despu\u00e9s de la guerra civil, abrieron una fruter\u00eda que combinaban con una parada en la plaza&#8230;<\/p>\n","protected":false},"author":1,"featured_media":0,"parent":0,"menu_order":0,"comment_status":"closed","ping_status":"closed","template":"elementor_header_footer","meta":[],"yoast_head":"<!-- This site is optimized with the Yoast SEO plugin v20.13 - https:\/\/yoast.com\/wordpress\/plugins\/seo\/ -->\n<title>Nosotros - Salv\u00e0 Cot Pastisseres<\/title>\n<meta name=\"description\" content=\"Nosotros somos la pasteler\u00eda Salv\u00e0 Cot. Pasteler\u00eda tradicional con elaboraci\u00f3n artesana. Prouctos sin gl\u00faten.\" \/>\n<meta name=\"robots\" content=\"index, follow, max-snippet:-1, max-image-preview:large, max-video-preview:-1\" \/>\n<link rel=\"canonical\" href=\"https:\/\/salvacot.cat\/es\/nosotros\/\" \/>\n<meta property=\"og:locale\" content=\"es_ES\" \/>\n<meta property=\"og:type\" content=\"article\" \/>\n<meta property=\"og:title\" content=\"Nosotros - Salv\u00e0 Cot Pastisseres\" \/>\n<meta property=\"og:description\" content=\"Nosotros somos la pasteler\u00eda Salv\u00e0 Cot. Pasteler\u00eda tradicional con elaboraci\u00f3n artesana. Prouctos sin gl\u00faten.\" \/>\n<meta property=\"og:url\" content=\"https:\/\/salvacot.cat\/es\/nosotros\/\" \/>\n<meta property=\"og:site_name\" content=\"Salv\u00e0 Cot Pastisseres\" \/>\n<meta property=\"article:publisher\" content=\"https:\/\/www.facebook.com\/salvacotpastisseres\" \/>\n<meta property=\"article:modified_time\" content=\"2024-01-28T20:19:28+00:00\" \/>\n<meta property=\"og:image\" content=\"https:\/\/salvacot.cat\/wp-content\/uploads\/2021\/05\/slide_nosaltres.png\" \/>\n<meta name=\"twitter:card\" content=\"summary_large_image\" \/>\n<meta name=\"twitter:label1\" content=\"Tiempo de lectura\" \/>\n\t<meta name=\"twitter:data1\" content=\"3 minutos\" \/>\n<script type=\"application\/ld+json\" class=\"yoast-schema-graph\">{\"@context\":\"https:\/\/schema.org\",\"@graph\":[{\"@type\":\"WebPage\",\"@id\":\"https:\/\/salvacot.cat\/es\/nosotros\/\",\"url\":\"https:\/\/salvacot.cat\/es\/nosotros\/\",\"name\":\"Nosotros - Salv\u00e0 Cot Pastisseres\",\"isPartOf\":{\"@id\":\"https:\/\/salvacot.cat\/es\/#website\"},\"datePublished\":\"2021-05-11T12:25:42+00:00\",\"dateModified\":\"2024-01-28T20:19:28+00:00\",\"description\":\"Nosotros somos la pasteler\u00eda Salv\u00e0 Cot. Pasteler\u00eda tradicional con elaboraci\u00f3n artesana. Prouctos sin gl\u00faten.\",\"breadcrumb\":{\"@id\":\"https:\/\/salvacot.cat\/es\/nosotros\/#breadcrumb\"},\"inLanguage\":\"es\",\"potentialAction\":[{\"@type\":\"ReadAction\",\"target\":[\"https:\/\/salvacot.cat\/es\/nosotros\/\"]}]},{\"@type\":\"BreadcrumbList\",\"@id\":\"https:\/\/salvacot.cat\/es\/nosotros\/#breadcrumb\",\"itemListElement\":[{\"@type\":\"ListItem\",\"position\":1,\"name\":\"Inici\",\"item\":\"https:\/\/salvacot.cat\/es\/\"},{\"@type\":\"ListItem\",\"position\":2,\"name\":\"Nosotros\"}]},{\"@type\":\"WebSite\",\"@id\":\"https:\/\/salvacot.cat\/es\/#website\",\"url\":\"https:\/\/salvacot.cat\/es\/\",\"name\":\"Salv\u00e0 Cot Pastisseres\",\"description\":\"Pastisseria de qualitat a Arenys de Mar\",\"publisher\":{\"@id\":\"https:\/\/salvacot.cat\/es\/#organization\"},\"potentialAction\":[{\"@type\":\"SearchAction\",\"target\":{\"@type\":\"EntryPoint\",\"urlTemplate\":\"https:\/\/salvacot.cat\/es\/?s={search_term_string}\"},\"query-input\":\"required name=search_term_string\"}],\"inLanguage\":\"es\"},{\"@type\":\"Organization\",\"@id\":\"https:\/\/salvacot.cat\/es\/#organization\",\"name\":\"Salv\u00e0 Cot Pastisseres\",\"url\":\"https:\/\/salvacot.cat\/es\/\",\"logo\":{\"@type\":\"ImageObject\",\"inLanguage\":\"es\",\"@id\":\"https:\/\/salvacot.cat\/es\/#\/schema\/logo\/image\/\",\"url\":\"https:\/\/salvacot.cat\/wp-content\/uploads\/2023\/02\/logo.png\",\"contentUrl\":\"https:\/\/salvacot.cat\/wp-content\/uploads\/2023\/02\/logo.png\",\"width\":204,\"height\":70,\"caption\":\"Salv\u00e0 Cot Pastisseres\"},\"image\":{\"@id\":\"https:\/\/salvacot.cat\/es\/#\/schema\/logo\/image\/\"},\"sameAs\":[\"https:\/\/www.facebook.com\/salvacotpastisseres\",\"https:\/\/www.instagram.com\/salvacotpastisseres\/\"]}]}<\/script>\n<!-- \/ Yoast SEO plugin. -->","yoast_head_json":{"title":"Nosotros - Salv\u00e0 Cot Pastisseres","description":"Nosotros somos la pasteler\u00eda Salv\u00e0 Cot. Pasteler\u00eda tradicional con elaboraci\u00f3n artesana. Prouctos sin gl\u00faten.","robots":{"index":"index","follow":"follow","max-snippet":"max-snippet:-1","max-image-preview":"max-image-preview:large","max-video-preview":"max-video-preview:-1"},"canonical":"https:\/\/salvacot.cat\/es\/nosotros\/","og_locale":"es_ES","og_type":"article","og_title":"Nosotros - Salv\u00e0 Cot Pastisseres","og_description":"Nosotros somos la pasteler\u00eda Salv\u00e0 Cot. Pasteler\u00eda tradicional con elaboraci\u00f3n artesana. Prouctos sin gl\u00faten.","og_url":"https:\/\/salvacot.cat\/es\/nosotros\/","og_site_name":"Salv\u00e0 Cot Pastisseres","article_publisher":"https:\/\/www.facebook.com\/salvacotpastisseres","article_modified_time":"2024-01-28T20:19:28+00:00","og_image":[{"url":"https:\/\/salvacot.cat\/wp-content\/uploads\/2021\/05\/slide_nosaltres.png"}],"twitter_card":"summary_large_image","twitter_misc":{"Tiempo de lectura":"3 minutos"},"schema":{"@context":"https:\/\/schema.org","@graph":[{"@type":"WebPage","@id":"https:\/\/salvacot.cat\/es\/nosotros\/","url":"https:\/\/salvacot.cat\/es\/nosotros\/","name":"Nosotros - Salv\u00e0 Cot Pastisseres","isPartOf":{"@id":"https:\/\/salvacot.cat\/es\/#website"},"datePublished":"2021-05-11T12:25:42+00:00","dateModified":"2024-01-28T20:19:28+00:00","description":"Nosotros somos la pasteler\u00eda Salv\u00e0 Cot. Pasteler\u00eda tradicional con elaboraci\u00f3n artesana. Prouctos sin gl\u00faten.","breadcrumb":{"@id":"https:\/\/salvacot.cat\/es\/nosotros\/#breadcrumb"},"inLanguage":"es","potentialAction":[{"@type":"ReadAction","target":["https:\/\/salvacot.cat\/es\/nosotros\/"]}]},{"@type":"BreadcrumbList","@id":"https:\/\/salvacot.cat\/es\/nosotros\/#breadcrumb","itemListElement":[{"@type":"ListItem","position":1,"name":"Inici","item":"https:\/\/salvacot.cat\/es\/"},{"@type":"ListItem","position":2,"name":"Nosotros"}]},{"@type":"WebSite","@id":"https:\/\/salvacot.cat\/es\/#website","url":"https:\/\/salvacot.cat\/es\/","name":"Salv\u00e0 Cot Pastisseres","description":"Pastisseria de qualitat a Arenys de Mar","publisher":{"@id":"https:\/\/salvacot.cat\/es\/#organization"},"potentialAction":[{"@type":"SearchAction","target":{"@type":"EntryPoint","urlTemplate":"https:\/\/salvacot.cat\/es\/?s={search_term_string}"},"query-input":"required name=search_term_string"}],"inLanguage":"es"},{"@type":"Organization","@id":"https:\/\/salvacot.cat\/es\/#organization","name":"Salv\u00e0 Cot Pastisseres","url":"https:\/\/salvacot.cat\/es\/","logo":{"@type":"ImageObject","inLanguage":"es","@id":"https:\/\/salvacot.cat\/es\/#\/schema\/logo\/image\/","url":"https:\/\/salvacot.cat\/wp-content\/uploads\/2023\/02\/logo.png","contentUrl":"https:\/\/salvacot.cat\/wp-content\/uploads\/2023\/02\/logo.png","width":204,"height":70,"caption":"Salv\u00e0 Cot Pastisseres"},"image":{"@id":"https:\/\/salvacot.cat\/es\/#\/schema\/logo\/image\/"},"sameAs":["https:\/\/www.facebook.com\/salvacotpastisseres","https:\/\/www.instagram.com\/salvacotpastisseres\/"]}]}},"_links":{"self":[{"href":"https:\/\/salvacot.cat\/es\/wp-json\/wp\/v2\/pages\/1222"}],"collection":[{"href":"https:\/\/salvacot.cat\/es\/wp-json\/wp\/v2\/pages"}],"about":[{"href":"https:\/\/salvacot.cat\/es\/wp-json\/wp\/v2\/types\/page"}],"author":[{"embeddable":true,"href":"https:\/\/salvacot.cat\/es\/wp-json\/wp\/v2\/users\/1"}],"replies":[{"embeddable":true,"href":"https:\/\/salvacot.cat\/es\/wp-json\/wp\/v2\/comments?post=1222"}],"version-history":[{"count":26,"href":"https:\/\/salvacot.cat\/es\/wp-json\/wp\/v2\/pages\/1222\/revisions"}],"predecessor-version":[{"id":1851,"href":"https:\/\/salvacot.cat\/es\/wp-json\/wp\/v2\/pages\/1222\/revisions\/1851"}],"wp:attachment":[{"href":"https:\/\/salvacot.cat\/es\/wp-json\/wp\/v2\/media?parent=1222"}],"curies":[{"name":"wp","href":"https:\/\/api.w.org\/{rel}","templated":true}]}}