{"id":1206,"date":"2021-05-11T12:25:42","date_gmt":"2021-05-11T12:25:42","guid":{"rendered":"https:\/\/salvacot.cat\/contacto\/"},"modified":"2023-03-24T13:42:14","modified_gmt":"2023-03-24T13:42:14","slug":"contacto","status":"publish","type":"page","link":"https:\/\/salvacot.cat\/es\/contacto\/","title":{"rendered":"Contacto"},"content":{"rendered":"\t\t<div data-elementor-type=\"wp-page\" data-elementor-id=\"1206\" class=\"elementor elementor-1206 elementor-23\">\n\t\t\t\t\t\t\t\t\t<section class=\"elementor-section elementor-top-section elementor-element elementor-element-920a82a elementor-hidden-desktop elementor-hidden-tablet elementor-hidden-mobile elementor-section-boxed elementor-section-height-default elementor-section-height-default parallax_section_no qode_elementor_container_no\" data-id=\"920a82a\" data-element_type=\"section\">\n\t\t\t\t\t\t<div class=\"elementor-container elementor-column-gap-default\">\n\t\t\t\t\t<div class=\"elementor-column elementor-col-100 elementor-top-column elementor-element elementor-element-e37012c\" data-id=\"e37012c\" data-element_type=\"column\">\n\t\t\t<div class=\"elementor-widget-wrap elementor-element-populated\">\n\t\t\t\t\t\t\t\t<div class=\"elementor-element elementor-element-fd1e771 elementor-widget elementor-widget-image\" data-id=\"fd1e771\" data-element_type=\"widget\" data-widget_type=\"image.default\">\n\t\t\t\t<div class=\"elementor-widget-container\">\n\t\t\t\t\t\t\t\t\t\t\t\t\t\t\t<img decoding=\"async\" width=\"150\" height=\"150\" src=\"https:\/\/salvacot.cat\/wp-content\/uploads\/2023\/02\/contactar-150x150.png\" class=\"attachment-thumbnail size-thumbnail wp-image-918\" alt=\"Contacte\" loading=\"lazy\" srcset=\"https:\/\/salvacot.cat\/wp-content\/uploads\/2023\/02\/contactar-150x150.png 150w, https:\/\/salvacot.cat\/wp-content\/uploads\/2023\/02\/contactar-300x300.png 300w, https:\/\/salvacot.cat\/wp-content\/uploads\/2023\/02\/contactar-500x500.png 500w, https:\/\/salvacot.cat\/wp-content\/uploads\/2023\/02\/contactar.png 512w\" sizes=\"(max-width: 150px) 100vw, 150px\" \/>\t\t\t\t\t\t\t\t\t\t\t\t\t\t\t<\/div>\n\t\t\t\t<\/div>\n\t\t\t\t<div class=\"elementor-element elementor-element-5445386 elementor-widget elementor-widget-text-editor\" data-id=\"5445386\" data-element_type=\"widget\" data-widget_type=\"text-editor.default\">\n\t\t\t\t<div class=\"elementor-widget-container\">\n\t\t\t\t\t\t\t<p>Contacto<\/p>\t\t\t\t\t\t<\/div>\n\t\t\t\t<\/div>\n\t\t\t\t\t<\/div>\n\t\t<\/div>\n\t\t\t\t\t\t\t<\/div>\n\t\t<\/section>\n\t\t\t\t<section class=\"elementor-section elementor-top-section elementor-element elementor-element-3beb5f91 elementor-section-full_width elementor-section-height-default elementor-section-height-default parallax_section_no qode_elementor_container_no\" data-id=\"3beb5f91\" data-element_type=\"section\">\n\t\t\t\t\t\t<div class=\"elementor-container elementor-column-gap-default\">\n\t\t\t\t\t<div class=\"elementor-column elementor-col-100 elementor-top-column elementor-element elementor-element-5a08daf\" data-id=\"5a08daf\" data-element_type=\"column\">\n\t\t\t<div class=\"elementor-widget-wrap elementor-element-populated\">\n\t\t\t\t\t\t\t\t<div class=\"elementor-element elementor-element-d399f51 elementor-widget elementor-widget-image\" data-id=\"d399f51\" data-element_type=\"widget\" data-widget_type=\"image.default\">\n\t\t\t\t<div class=\"elementor-widget-container\">\n\t\t\t\t\t\t\t\t\t\t\t\t\t\t\t<img decoding=\"async\" width=\"1900\" height=\"300\" src=\"https:\/\/salvacot.cat\/wp-content\/uploads\/2021\/10\/slide_macarons.jpg\" class=\"attachment-full size-full wp-image-457\" alt=\"\" loading=\"lazy\" srcset=\"https:\/\/salvacot.cat\/wp-content\/uploads\/2021\/10\/slide_macarons.jpg 1900w, https:\/\/salvacot.cat\/wp-content\/uploads\/2021\/10\/slide_macarons-300x47.jpg 300w, https:\/\/salvacot.cat\/wp-content\/uploads\/2021\/10\/slide_macarons-1024x162.jpg 1024w, https:\/\/salvacot.cat\/wp-content\/uploads\/2021\/10\/slide_macarons-768x121.jpg 768w, https:\/\/salvacot.cat\/wp-content\/uploads\/2021\/10\/slide_macarons-1536x243.jpg 1536w, https:\/\/salvacot.cat\/wp-content\/uploads\/2021\/10\/slide_macarons-700x111.jpg 700w\" sizes=\"(max-width: 1900px) 100vw, 1900px\" \/>\t\t\t\t\t\t\t\t\t\t\t\t\t\t\t<\/div>\n\t\t\t\t<\/div>\n\t\t\t\t\t<\/div>\n\t\t<\/div>\n\t\t\t\t\t\t\t<\/div>\n\t\t<\/section>\n\t\t\t\t<section class=\"elementor-section elementor-top-section elementor-element elementor-element-dbf247d elementor-section-full_width elementor-section-height-default elementor-section-height-default parallax_section_no qode_elementor_container_no\" data-id=\"dbf247d\" data-element_type=\"section\">\n\t\t\t\t\t\t<div class=\"elementor-container elementor-column-gap-default\">\n\t\t\t\t\t<div class=\"elementor-column elementor-col-50 elementor-top-column elementor-element elementor-element-744171d\" data-id=\"744171d\" data-element_type=\"column\">\n\t\t\t<div class=\"elementor-widget-wrap elementor-element-populated\">\n\t\t\t\t\t\t\t\t<div class=\"elementor-element elementor-element-d216650 elementor-widget elementor-widget-google_maps\" data-id=\"d216650\" data-element_type=\"widget\" data-widget_type=\"google_maps.default\">\n\t\t\t\t<div class=\"elementor-widget-container\">\n\t\t\t\t\t<div class=\"elementor-custom-embed\">\n\t\t\t<iframe loading=\"lazy\"\n\t\t\t\t\tsrc=\"https:\/\/maps.google.com\/maps?q=Riera%20del%20Bisbe%20Pol%2C%2030%2008350%20Arenys%20de%20Mar&#038;t=m&#038;z=16&#038;output=embed&#038;iwloc=near\"\n\t\t\t\t\ttitle=\"Riera del Bisbe Pol, 30 08350 Arenys de Mar\"\n\t\t\t\t\taria-label=\"Riera del Bisbe Pol, 30 08350 Arenys de Mar\"\n\t\t\t><\/iframe>\n\t\t<\/div>\n\t\t\t\t<\/div>\n\t\t\t\t<\/div>\n\t\t\t\t<div class=\"elementor-element elementor-element-08a65c0 elementor-widget elementor-widget-spacer\" data-id=\"08a65c0\" data-element_type=\"widget\" data-widget_type=\"spacer.default\">\n\t\t\t\t<div class=\"elementor-widget-container\">\n\t\t\t\t\t<div class=\"elementor-spacer\">\n\t\t\t<div class=\"elementor-spacer-inner\"><\/div>\n\t\t<\/div>\n\t\t\t\t<\/div>\n\t\t\t\t<\/div>\n\t\t\t\t<div class=\"elementor-element elementor-element-9f9a5dc elementor-widget elementor-widget-text-editor\" data-id=\"9f9a5dc\" data-element_type=\"widget\" data-widget_type=\"text-editor.default\">\n\t\t\t\t<div class=\"elementor-widget-container\">\n\t\t\t\t\t\t\t<h5>HORARIO<\/h5>\n\n<h6>Lunes: cerrado<\/h6>\n<h6>Martes a Viernes: 8:30h a 13:30h y de 17:00h a 20:00h<\/h6>\n<h6>S\u00e1bados: 8:30 ha 14:30 hy de 17:00 ha 20:00 h<\/h6>\n<h6>Domingos: 8:30 ha 14:30 h<\/h6>\t\t\t\t\t\t<\/div>\n\t\t\t\t<\/div>\n\t\t\t\t\t<\/div>\n\t\t<\/div>\n\t\t\t\t<div class=\"elementor-column elementor-col-50 elementor-top-column elementor-element elementor-element-a2a55d5\" data-id=\"a2a55d5\" data-element_type=\"column\">\n\t\t\t<div class=\"elementor-widget-wrap elementor-element-populated\">\n\t\t\t\t\t\t\t\t<div class=\"elementor-element elementor-element-b44feb9 elementor-widget elementor-widget-bridge_cf_7\" data-id=\"b44feb9\" data-element_type=\"widget\" data-widget_type=\"bridge_cf_7.default\">\n\t\t\t\t<div class=\"elementor-widget-container\">\n\t\t\t    <div class=\"qode-contact-form-7 qode-contact-form-7-0\">\n    \n<div class=\"wpcf7 no-js\" id=\"wpcf7-f11-o1\" lang=\"ca\" dir=\"ltr\">\n<div class=\"screen-reader-response\"><p role=\"status\" aria-live=\"polite\" aria-atomic=\"true\"><\/p> <ul><\/ul><\/div>\n<form action=\"\/es\/wp-json\/wp\/v2\/pages\/1206#wpcf7-f11-o1\" method=\"post\" class=\"wpcf7-form init cf7_custom_style_1\" aria-label=\"Formulari de contacte\" novalidate=\"novalidate\" data-status=\"init\">\n<div style=\"display: none;\">\n<input type=\"hidden\" name=\"_wpcf7\" value=\"11\" \/>\n<input type=\"hidden\" name=\"_wpcf7_version\" value=\"5.7.7\" \/>\n<input type=\"hidden\" name=\"_wpcf7_locale\" value=\"ca\" \/>\n<input type=\"hidden\" name=\"_wpcf7_unit_tag\" value=\"wpcf7-f11-o1\" \/>\n<input type=\"hidden\" name=\"_wpcf7_container_post\" value=\"0\" \/>\n<input type=\"hidden\" name=\"_wpcf7_posted_data_hash\" value=\"\" \/>\n<input type=\"hidden\" name=\"_wpcf7_recaptcha_response\" value=\"\" \/>\n<\/div>\n<p><label> Nom<br \/>\n<span class=\"wpcf7-form-control-wrap\" data-name=\"your-name\"><input size=\"40\" class=\"wpcf7-form-control wpcf7-text wpcf7-validates-as-required\" aria-required=\"true\" aria-invalid=\"false\" value=\"\" type=\"text\" name=\"your-name\" \/><\/span> <\/label>\n<\/p>\n<p><label> E-mail<br \/>\n<span class=\"wpcf7-form-control-wrap\" data-name=\"your-email\"><input size=\"40\" class=\"wpcf7-form-control wpcf7-text wpcf7-email wpcf7-validates-as-required wpcf7-validates-as-email\" aria-required=\"true\" aria-invalid=\"false\" value=\"\" type=\"email\" name=\"your-email\" \/><\/span> <\/label>\n<\/p>\n<p><label> Assumpte<br \/>\n<span class=\"wpcf7-form-control-wrap\" data-name=\"your-subject\"><input size=\"40\" class=\"wpcf7-form-control wpcf7-text wpcf7-validates-as-required\" aria-required=\"true\" aria-invalid=\"false\" value=\"\" type=\"text\" name=\"your-subject\" \/><\/span> <\/label>\n<\/p>\n<p><label> Missatge (opcional)<br \/>\n<span class=\"wpcf7-form-control-wrap\" data-name=\"your-message\"><textarea cols=\"40\" rows=\"10\" class=\"wpcf7-form-control wpcf7-textarea\" aria-invalid=\"false\" name=\"your-message\"><\/textarea><\/span> <\/label>\n<\/p>\n<p><span class=\"wpcf7-form-control-wrap\" data-name=\"acceptance-140\"><span class=\"wpcf7-form-control wpcf7-acceptance\"><span class=\"wpcf7-list-item\"><input type=\"checkbox\" name=\"acceptance-140\" value=\"1\" aria-invalid=\"false\" \/><\/span><\/span><\/span> He llegit i accepto la <a href=\"https:\/\/salvacot.cat\/politica-privacidad\/\" target=\"_blank\">pol\u00edtica de privacitat<\/a>\n<\/p>\n<p><input class=\"wpcf7-form-control has-spinner wpcf7-submit\" type=\"submit\" value=\"Enviar\" \/>\n<\/p><div class=\"wpcf7-response-output\" aria-hidden=\"true\"><\/div>\n<\/form>\n<\/div>\n    <\/div>\n\t\t<\/div>\n\t\t\t\t<\/div>\n\t\t\t\t\t<\/div>\n\t\t<\/div>\n\t\t\t\t\t\t\t<\/div>\n\t\t<\/section>\n\t\t\t\t<section class=\"elementor-section elementor-top-section elementor-element elementor-element-536105f elementor-section-boxed elementor-section-height-default elementor-section-height-default parallax_section_no qode_elementor_container_no\" data-id=\"536105f\" data-element_type=\"section\">\n\t\t\t\t\t\t<div class=\"elementor-container elementor-column-gap-default\">\n\t\t\t\t\t<div class=\"elementor-column elementor-col-100 elementor-top-column elementor-element elementor-element-978ca9b\" data-id=\"978ca9b\" data-element_type=\"column\">\n\t\t\t<div class=\"elementor-widget-wrap elementor-element-populated\">\n\t\t\t\t\t\t\t\t<div class=\"elementor-element elementor-element-f9e7827 elementor-widget elementor-widget-spacer\" data-id=\"f9e7827\" data-element_type=\"widget\" data-widget_type=\"spacer.default\">\n\t\t\t\t<div class=\"elementor-widget-container\">\n\t\t\t\t\t<div class=\"elementor-spacer\">\n\t\t\t<div class=\"elementor-spacer-inner\"><\/div>\n\t\t<\/div>\n\t\t\t\t<\/div>\n\t\t\t\t<\/div>\n\t\t\t\t\t<\/div>\n\t\t<\/div>\n\t\t\t\t\t\t\t<\/div>\n\t\t<\/section>\n\t\t\t\t\t\t\t<\/div>\n\t\t","protected":false},"excerpt":{"rendered":"<p>Contacto HORARIO Lunes: cerrado Martes a Viernes: 8:30h a 13:30h y de 17:00h a 20:00h S\u00e1bados: 8:30 ha 14:30 hy de 17:00 ha 20:00 h Domingos: 8:30 ha 14:30 h Nom E-mail Assumpte Missatge (opcional) He llegit i accepto la pol\u00edtica de privacitat<\/p>\n","protected":false},"author":1,"featured_media":0,"parent":0,"menu_order":0,"comment_status":"closed","ping_status":"closed","template":"elementor_header_footer","meta":[],"yoast_head":"<!-- This site is optimized with the Yoast SEO plugin v20.13 - https:\/\/yoast.com\/wordpress\/plugins\/seo\/ -->\n<title>Contacto - Salv\u00e0 Cot Pastisseres<\/title>\n<meta name=\"description\" content=\"Contacto de la pasteler\u00eda Salv\u00e0 Cot. Pasteler\u00eda tradicional con elaboraci\u00f3n artesana. Prouctos sin gl\u00faten.\" \/>\n<meta name=\"robots\" content=\"index, follow, max-snippet:-1, max-image-preview:large, max-video-preview:-1\" \/>\n<link rel=\"canonical\" href=\"https:\/\/salvacot.cat\/es\/contacto\/\" \/>\n<meta property=\"og:locale\" content=\"es_ES\" \/>\n<meta property=\"og:type\" content=\"article\" \/>\n<meta property=\"og:title\" content=\"Contacto - Salv\u00e0 Cot Pastisseres\" \/>\n<meta property=\"og:description\" content=\"Contacto de la pasteler\u00eda Salv\u00e0 Cot. Pasteler\u00eda tradicional con elaboraci\u00f3n artesana. Prouctos sin gl\u00faten.\" \/>\n<meta property=\"og:url\" content=\"https:\/\/salvacot.cat\/es\/contacto\/\" \/>\n<meta property=\"og:site_name\" content=\"Salv\u00e0 Cot Pastisseres\" \/>\n<meta property=\"article:publisher\" content=\"https:\/\/www.facebook.com\/salvacotpastisseres\" \/>\n<meta property=\"article:modified_time\" content=\"2023-03-24T13:42:14+00:00\" \/>\n<meta property=\"og:image\" content=\"https:\/\/salvacot.cat\/wp-content\/uploads\/2023\/02\/contactar-150x150.png\" \/>\n<meta name=\"twitter:card\" content=\"summary_large_image\" \/>\n<meta name=\"twitter:label1\" content=\"Tiempo de lectura\" \/>\n\t<meta name=\"twitter:data1\" content=\"1 minuto\" \/>\n<script type=\"application\/ld+json\" class=\"yoast-schema-graph\">{\"@context\":\"https:\/\/schema.org\",\"@graph\":[{\"@type\":\"WebPage\",\"@id\":\"https:\/\/salvacot.cat\/es\/contacto\/\",\"url\":\"https:\/\/salvacot.cat\/es\/contacto\/\",\"name\":\"Contacto - Salv\u00e0 Cot Pastisseres\",\"isPartOf\":{\"@id\":\"https:\/\/salvacot.cat\/es\/#website\"},\"datePublished\":\"2021-05-11T12:25:42+00:00\",\"dateModified\":\"2023-03-24T13:42:14+00:00\",\"description\":\"Contacto de la pasteler\u00eda Salv\u00e0 Cot. Pasteler\u00eda tradicional con elaboraci\u00f3n artesana. Prouctos sin gl\u00faten.\",\"breadcrumb\":{\"@id\":\"https:\/\/salvacot.cat\/es\/contacto\/#breadcrumb\"},\"inLanguage\":\"es\",\"potentialAction\":[{\"@type\":\"ReadAction\",\"target\":[\"https:\/\/salvacot.cat\/es\/contacto\/\"]}]},{\"@type\":\"BreadcrumbList\",\"@id\":\"https:\/\/salvacot.cat\/es\/contacto\/#breadcrumb\",\"itemListElement\":[{\"@type\":\"ListItem\",\"position\":1,\"name\":\"Inici\",\"item\":\"https:\/\/salvacot.cat\/es\/\"},{\"@type\":\"ListItem\",\"position\":2,\"name\":\"Contacto\"}]},{\"@type\":\"WebSite\",\"@id\":\"https:\/\/salvacot.cat\/es\/#website\",\"url\":\"https:\/\/salvacot.cat\/es\/\",\"name\":\"Salv\u00e0 Cot Pastisseres\",\"description\":\"Pastisseria de qualitat a Arenys de Mar\",\"publisher\":{\"@id\":\"https:\/\/salvacot.cat\/es\/#organization\"},\"potentialAction\":[{\"@type\":\"SearchAction\",\"target\":{\"@type\":\"EntryPoint\",\"urlTemplate\":\"https:\/\/salvacot.cat\/es\/?s={search_term_string}\"},\"query-input\":\"required name=search_term_string\"}],\"inLanguage\":\"es\"},{\"@type\":\"Organization\",\"@id\":\"https:\/\/salvacot.cat\/es\/#organization\",\"name\":\"Salv\u00e0 Cot Pastisseres\",\"url\":\"https:\/\/salvacot.cat\/es\/\",\"logo\":{\"@type\":\"ImageObject\",\"inLanguage\":\"es\",\"@id\":\"https:\/\/salvacot.cat\/es\/#\/schema\/logo\/image\/\",\"url\":\"https:\/\/salvacot.cat\/wp-content\/uploads\/2023\/02\/logo.png\",\"contentUrl\":\"https:\/\/salvacot.cat\/wp-content\/uploads\/2023\/02\/logo.png\",\"width\":204,\"height\":70,\"caption\":\"Salv\u00e0 Cot Pastisseres\"},\"image\":{\"@id\":\"https:\/\/salvacot.cat\/es\/#\/schema\/logo\/image\/\"},\"sameAs\":[\"https:\/\/www.facebook.com\/salvacotpastisseres\",\"https:\/\/www.instagram.com\/salvacotpastisseres\/\"]}]}<\/script>\n<!-- \/ Yoast SEO plugin. -->","yoast_head_json":{"title":"Contacto - Salv\u00e0 Cot Pastisseres","description":"Contacto de la pasteler\u00eda Salv\u00e0 Cot. Pasteler\u00eda tradicional con elaboraci\u00f3n artesana. Prouctos sin gl\u00faten.","robots":{"index":"index","follow":"follow","max-snippet":"max-snippet:-1","max-image-preview":"max-image-preview:large","max-video-preview":"max-video-preview:-1"},"canonical":"https:\/\/salvacot.cat\/es\/contacto\/","og_locale":"es_ES","og_type":"article","og_title":"Contacto - Salv\u00e0 Cot Pastisseres","og_description":"Contacto de la pasteler\u00eda Salv\u00e0 Cot. Pasteler\u00eda tradicional con elaboraci\u00f3n artesana. Prouctos sin gl\u00faten.","og_url":"https:\/\/salvacot.cat\/es\/contacto\/","og_site_name":"Salv\u00e0 Cot Pastisseres","article_publisher":"https:\/\/www.facebook.com\/salvacotpastisseres","article_modified_time":"2023-03-24T13:42:14+00:00","og_image":[{"url":"https:\/\/salvacot.cat\/wp-content\/uploads\/2023\/02\/contactar-150x150.png"}],"twitter_card":"summary_large_image","twitter_misc":{"Tiempo de lectura":"1 minuto"},"schema":{"@context":"https:\/\/schema.org","@graph":[{"@type":"WebPage","@id":"https:\/\/salvacot.cat\/es\/contacto\/","url":"https:\/\/salvacot.cat\/es\/contacto\/","name":"Contacto - Salv\u00e0 Cot Pastisseres","isPartOf":{"@id":"https:\/\/salvacot.cat\/es\/#website"},"datePublished":"2021-05-11T12:25:42+00:00","dateModified":"2023-03-24T13:42:14+00:00","description":"Contacto de la pasteler\u00eda Salv\u00e0 Cot. Pasteler\u00eda tradicional con elaboraci\u00f3n artesana. Prouctos sin gl\u00faten.","breadcrumb":{"@id":"https:\/\/salvacot.cat\/es\/contacto\/#breadcrumb"},"inLanguage":"es","potentialAction":[{"@type":"ReadAction","target":["https:\/\/salvacot.cat\/es\/contacto\/"]}]},{"@type":"BreadcrumbList","@id":"https:\/\/salvacot.cat\/es\/contacto\/#breadcrumb","itemListElement":[{"@type":"ListItem","position":1,"name":"Inici","item":"https:\/\/salvacot.cat\/es\/"},{"@type":"ListItem","position":2,"name":"Contacto"}]},{"@type":"WebSite","@id":"https:\/\/salvacot.cat\/es\/#website","url":"https:\/\/salvacot.cat\/es\/","name":"Salv\u00e0 Cot Pastisseres","description":"Pastisseria de qualitat a Arenys de Mar","publisher":{"@id":"https:\/\/salvacot.cat\/es\/#organization"},"potentialAction":[{"@type":"SearchAction","target":{"@type":"EntryPoint","urlTemplate":"https:\/\/salvacot.cat\/es\/?s={search_term_string}"},"query-input":"required name=search_term_string"}],"inLanguage":"es"},{"@type":"Organization","@id":"https:\/\/salvacot.cat\/es\/#organization","name":"Salv\u00e0 Cot Pastisseres","url":"https:\/\/salvacot.cat\/es\/","logo":{"@type":"ImageObject","inLanguage":"es","@id":"https:\/\/salvacot.cat\/es\/#\/schema\/logo\/image\/","url":"https:\/\/salvacot.cat\/wp-content\/uploads\/2023\/02\/logo.png","contentUrl":"https:\/\/salvacot.cat\/wp-content\/uploads\/2023\/02\/logo.png","width":204,"height":70,"caption":"Salv\u00e0 Cot Pastisseres"},"image":{"@id":"https:\/\/salvacot.cat\/es\/#\/schema\/logo\/image\/"},"sameAs":["https:\/\/www.facebook.com\/salvacotpastisseres","https:\/\/www.instagram.com\/salvacotpastisseres\/"]}]}},"_links":{"self":[{"href":"https:\/\/salvacot.cat\/es\/wp-json\/wp\/v2\/pages\/1206"}],"collection":[{"href":"https:\/\/salvacot.cat\/es\/wp-json\/wp\/v2\/pages"}],"about":[{"href":"https:\/\/salvacot.cat\/es\/wp-json\/wp\/v2\/types\/page"}],"author":[{"embeddable":true,"href":"https:\/\/salvacot.cat\/es\/wp-json\/wp\/v2\/users\/1"}],"replies":[{"embeddable":true,"href":"https:\/\/salvacot.cat\/es\/wp-json\/wp\/v2\/comments?post=1206"}],"version-history":[{"count":4,"href":"https:\/\/salvacot.cat\/es\/wp-json\/wp\/v2\/pages\/1206\/revisions"}],"predecessor-version":[{"id":1378,"href":"https:\/\/salvacot.cat\/es\/wp-json\/wp\/v2\/pages\/1206\/revisions\/1378"}],"wp:attachment":[{"href":"https:\/\/salvacot.cat\/es\/wp-json\/wp\/v2\/media?parent=1206"}],"curies":[{"name":"wp","href":"https:\/\/api.w.org\/{rel}","templated":true}]}}